{"id":13,"date":"2020-09-21T09:00:27","date_gmt":"2020-09-21T06:00:27","guid":{"rendered":"https:\/\/suusaliit.ee\/seminar\/?page_id=13"},"modified":"2020-09-23T14:21:54","modified_gmt":"2020-09-23T11:21:54","slug":"osalemistingimused","status":"publish","type":"page","link":"https:\/\/suusaliit.ee\/seminar\/osalemistingimused\/","title":{"rendered":"Osalemistingimused"},"content":{"rendered":"<p>Seminaril osalemiseks on vaja eelnevalt registreeruda. Seda saab teha <a href=\"https:\/\/suusaliit.ee\/seminar\/register\/\">SIIN<\/a>.<\/p>\n<p>Registreeringu kinnitab administraator peale osalustasu laekumist Eesti Suusaliidu kontole.<\/p>\n<p>&nbsp;<\/p>\n<p>Videoseminari vaatamiseks on vajalik eelnevalt alla laadida videokonverentsi tarkvara ZOOM.<\/p>\n<p>Tarkvara saab alla laadida aadressilt <a href=\"https:\/\/zoom.us\/download\" target=\"_blank\" rel=\"noopener noreferrer\">https:\/\/zoom.us\/download<\/a>.<\/p>\n<p>Seminari osalejatele saadetakse eelnevalt personaalne link, millelt p\u00e4\u00e4seb seminare j\u00e4lgima.<\/p>\n<p>&nbsp;<\/p>\n<p>Osalemine fikseeritakse ning selle p\u00f5hjal antakse v\u00e4lja t\u00f5end seminaril osalemise kohta.<\/p>\n<p>&nbsp;<\/p>\n<p>Osalustasu 30.- eurot kanda Eesti Suusaliidu arveldusarvele:<br \/>\n<strong>MT\u00dc Eesti Suusaliit<\/strong><br \/>\nIBAN: EE442200221002100473<br \/>\nkirjeldus &#8220;Seminar 2020&#8221;<\/p>\n<p>&nbsp;<\/p>\n<p>&nbsp;<\/p>\n","protected":false},"excerpt":{"rendered":"<p>Seminaril osalemiseks on vaja eelnevalt registreeruda. Seda saab teha SIIN. Registreeringu kinnitab administraator peale osalustasu laekumist Eesti Suusaliidu kontole. &nbsp; Videoseminari vaatamiseks on vajalik eelnevalt alla laadida videokonverentsi tarkvara ZOOM. Tarkvara saab alla laadida aadressilt https:\/\/zoom.us\/download. Seminari osalejatele saadetakse eelnevalt personaalne link, millelt p\u00e4\u00e4seb seminare j\u00e4lgima. &nbsp; Osalemine fikseeritakse ning selle p\u00f5hjal antakse v\u00e4lja t\u00f5end&hellip;&nbsp;<a href=\"https:\/\/suusaliit.ee\/seminar\/osalemistingimused\/\" class=\"\" rel=\"bookmark\">Read More &raquo;<span class=\"screen-reader-text\">Osalemistingimused<\/span><\/a><\/p>\n","protected":false},"author":2,"featured_media":0,"parent":0,"menu_order":0,"comment_status":"closed","ping_status":"closed","template":"","meta":{"neve_meta_sidebar":"right","neve_meta_container":"","neve_meta_enable_content_width":"off","neve_meta_content_width":0,"neve_meta_title_alignment":"","neve_meta_author_avatar":"","neve_post_elements_order":"","neve_meta_disable_header":"","neve_meta_disable_footer":"","neve_meta_disable_title":"","spay_email":"","footnotes":""},"class_list":["post-13","page","type-page","status-publish","hentry"],"_links":{"self":[{"href":"https:\/\/suusaliit.ee\/seminar\/wp-json\/wp\/v2\/pages\/13","targetHints":{"allow":["GET"]}}],"collection":[{"href":"https:\/\/suusaliit.ee\/seminar\/wp-json\/wp\/v2\/pages"}],"about":[{"href":"https:\/\/suusaliit.ee\/seminar\/wp-json\/wp\/v2\/types\/page"}],"author":[{"embeddable":true,"href":"https:\/\/suusaliit.ee\/seminar\/wp-json\/wp\/v2\/users\/2"}],"replies":[{"embeddable":true,"href":"https:\/\/suusaliit.ee\/seminar\/wp-json\/wp\/v2\/comments?post=13"}],"version-history":[{"count":5,"href":"https:\/\/suusaliit.ee\/seminar\/wp-json\/wp\/v2\/pages\/13\/revisions"}],"predecessor-version":[{"id":114,"href":"https:\/\/suusaliit.ee\/seminar\/wp-json\/wp\/v2\/pages\/13\/revisions\/114"}],"wp:attachment":[{"href":"https:\/\/suusaliit.ee\/seminar\/wp-json\/wp\/v2\/media?parent=13"}],"curies":[{"name":"wp","href":"https:\/\/api.w.org\/{rel}","templated":true}]}}