{"id":65,"date":"2020-09-21T11:24:22","date_gmt":"2020-09-21T08:24:22","guid":{"rendered":"https:\/\/suusaliit.ee\/seminar\/?page_id=65"},"modified":"2020-10-01T08:35:42","modified_gmt":"2020-10-01T05:35:42","slug":"avaleht","status":"publish","type":"page","link":"https:\/\/suusaliit.ee\/seminar\/","title":{"rendered":"Avaleht"},"content":{"rendered":"<p><img loading=\"lazy\" decoding=\"async\" class=\"size-medium wp-image-86 alignright\" src=\"https:\/\/suusaliit.ee\/seminar\/wp-content\/uploads\/2020\/09\/21811_IMG_7070-300x225.jpg\" alt=\"\" width=\"300\" height=\"225\" srcset=\"https:\/\/suusaliit.ee\/seminar\/wp-content\/uploads\/2020\/09\/21811_IMG_7070-300x225.jpg 300w, https:\/\/suusaliit.ee\/seminar\/wp-content\/uploads\/2020\/09\/21811_IMG_7070-1024x768.jpg 1024w, https:\/\/suusaliit.ee\/seminar\/wp-content\/uploads\/2020\/09\/21811_IMG_7070-768x576.jpg 768w, https:\/\/suusaliit.ee\/seminar\/wp-content\/uploads\/2020\/09\/21811_IMG_7070.jpg 1067w\" sizes=\"auto, (max-width: 300px) 100vw, 300px\" \/>1. ja 2. oktoobril toimub j\u00e4rjekordne Eesti Suusaliidu seminar, mille fookuseks on terved ja edukad sportlased. Lektoritena astuvad \u00fcles oma ala spetsialistid nii Eestist kui v\u00e4lisriikidest.<\/p>\n<p>1. oktoobril toimub seminar ainult veebikeskkonnas Zoom.<\/p>\n<p><span style=\"color: #ff0000;\"><strong>MUUDETUD!!<\/strong><\/span><br \/>\n2. oktoober toimub seminar <span style=\"color: #ff0000;\"><strong>ainult veebikeskkonnas Zoom<\/strong><\/span>.<\/p>\n<p>Seminar l\u00e4heb treenerikutse pikendamisel arvesse t\u00e4iendkoolitusena mahus 16 tundi.<\/p>\n<p><strong>Seminari maksumus on 30.- eurot.<\/strong><\/p>\n<p>Videoklipid seminari ettekannetest on hiljem vaadatavad alajaotuses <a href=\"https:\/\/suusaliit.ee\/seminar\/uncategorized\/materjalid-2\/\">&#8220;Materjalid&#8221;<\/a> (n\u00f5utav registreerumine).<\/p>\n<p><span style=\"color: #ff0000;\"><strong>Seminarile on v\u00f5imalik <a style=\"color: #ff0000;\" href=\"https:\/\/suusaliit.ee\/seminar\/register\/\">REGISTREERUDA<\/a>, kuni 29. septembrini (k.a.).<\/strong><\/span><\/p>\n<p>Osalustasu 30 eurot kanda Eesti Suusaliidu arveldusarvele:<br \/>\n<strong>MT\u00dc Eesti Suusaliit<\/strong><br \/>\nIBAN: EE442200221002100473<br \/>\nkirjeldus &#8220;Seminar 2020&#8221;<\/p>\n<p>Klubid, kes soovivad tasuda arvega \u2013 palun saata vastavasisuline email <a href=\"mailto:info@suusaliit.ee\">info@suusaliit.ee<\/a> ja m\u00e4rkida juurde:<\/p>\n<ol>\n<li>Milliste isikute osaluse eest soovitakse tasuda<\/li>\n<li>Kellele v\u00e4ljastada arve (klubi nimi, juriidiline aadress, reg. nr, muud kontaktandmed)Talispordialade koondislased tasuta (nii t\u00e4iskasvanute kui juuniorite koondised, nimi peab olema kirjas avalikult spordialaliidu kodulehel koondislaste seas). Ka koondislased peavad end osalemiseks kindlasti eelregistreerima, saates e-posti <a href=\"mailto:info@suusaliit.ee\">info@suusaliit.ee<\/a> hiljemalt 29. september 2020.<\/li>\n<\/ol>\n","protected":false},"excerpt":{"rendered":"<p>1. ja 2. oktoobril toimub j\u00e4rjekordne Eesti Suusaliidu seminar, mille fookuseks on terved ja edukad sportlased. Lektoritena astuvad \u00fcles oma ala spetsialistid nii Eestist kui v\u00e4lisriikidest. 1. oktoobril toimub seminar ainult veebikeskkonnas Zoom. MUUDETUD!! 2. oktoober toimub seminar ainult veebikeskkonnas Zoom. Seminar l\u00e4heb treenerikutse pikendamisel arvesse t\u00e4iendkoolitusena mahus 16 tundi. Seminari maksumus on 30.- eurot.&hellip;&nbsp;<a href=\"https:\/\/suusaliit.ee\/seminar\/\" class=\"\" rel=\"bookmark\">Read More &raquo;<span class=\"screen-reader-text\">Avaleht<\/span><\/a><\/p>\n","protected":false},"author":2,"featured_media":0,"parent":0,"menu_order":0,"comment_status":"closed","ping_status":"closed","template":"","meta":{"neve_meta_sidebar":"full-width","neve_meta_container":"","neve_meta_enable_content_width":"on","neve_meta_content_width":100,"neve_meta_title_alignment":"","neve_meta_author_avatar":"","neve_post_elements_order":"","neve_meta_disable_header":"","neve_meta_disable_footer":"","neve_meta_disable_title":"","spay_email":"","footnotes":""},"class_list":["post-65","page","type-page","status-publish","hentry"],"_links":{"self":[{"href":"https:\/\/suusaliit.ee\/seminar\/wp-json\/wp\/v2\/pages\/65","targetHints":{"allow":["GET"]}}],"collection":[{"href":"https:\/\/suusaliit.ee\/seminar\/wp-json\/wp\/v2\/pages"}],"about":[{"href":"https:\/\/suusaliit.ee\/seminar\/wp-json\/wp\/v2\/types\/page"}],"author":[{"embeddable":true,"href":"https:\/\/suusaliit.ee\/seminar\/wp-json\/wp\/v2\/users\/2"}],"replies":[{"embeddable":true,"href":"https:\/\/suusaliit.ee\/seminar\/wp-json\/wp\/v2\/comments?post=65"}],"version-history":[{"count":16,"href":"https:\/\/suusaliit.ee\/seminar\/wp-json\/wp\/v2\/pages\/65\/revisions"}],"predecessor-version":[{"id":118,"href":"https:\/\/suusaliit.ee\/seminar\/wp-json\/wp\/v2\/pages\/65\/revisions\/118"}],"wp:attachment":[{"href":"https:\/\/suusaliit.ee\/seminar\/wp-json\/wp\/v2\/media?parent=65"}],"curies":[{"name":"wp","href":"https:\/\/api.w.org\/{rel}","templated":true}]}}