{"id":7,"date":"2020-09-21T08:58:48","date_gmt":"2020-09-21T05:58:48","guid":{"rendered":"https:\/\/suusaliit.ee\/seminar\/?page_id=7"},"modified":"2020-10-01T08:36:48","modified_gmt":"2020-10-01T05:36:48","slug":"programm","status":"publish","type":"page","link":"https:\/\/suusaliit.ee\/seminar\/programm\/","title":{"rendered":"Programm"},"content":{"rendered":"<h3><span style=\"color: #0000ff;\"><strong><u>Neljap\u00e4ev, 1. oktoober 2020 \u2013 ainult veebis<\/u><\/strong><\/span><\/h3>\n<p><strong>9:30 \u2013 12:30 <\/strong>\u201eMotiveeriv treener\u201c (EOK koolituse baasil)<br \/>\n<strong>Ott Kiivikas, Jaanus Teppan<br \/>\n<\/strong><\/p>\n<p><em><span style=\"color: #ff0000;\">Osaleda saab maksimaalselt 18 inimest, Registreerimine toimub <a href=\"https:\/\/suusaliit.ee\/seminar\/motiveeriv-treener\/\">siin<\/a><br \/>\n<\/span><\/em><\/p>\n<p><strong>9:30 \u2013 10:00 \u201e<\/strong>COVID-19 viiruse aegsed sportlaste v\u00e4lislaagrid, testid ja isolatsioonin\u00f5uded\u201c. Spordikoolituse ja- Teabe SA informatsioon.<br \/>\n<strong>Eesti Suusaliit<\/strong><\/p>\n<p><strong>10:00 \u2013 15:00 <\/strong>\u201eCoach Development lectures\u201c \u2013 inglise keeles<br \/>\n<strong>Mikael Kurki<\/strong> on \u00fcle 12 aasta t\u00f6\u00f6tanud professionaalse m\u00e4esuusatreenerina ning koolitanud Soome m\u00e4esuusa treenereid. Eelmisel hooajal t\u00f6\u00f6tas Mikael Norra Suusaakadeemia peatreenerina ning alates oktoobrist 2020 alustab t\u00f6\u00f6d Norra Euroopa Cup meeste tiimi peatreenerina.<\/p>\n<p>Teemad:<\/p>\n<ul>\n<li>TEAM BUILDING AND INDIVIDUAL COACHING<br \/>\nTraining as a team &#8211; Team meetings &#8211; Athlete centered coaching &#8211; Meetings with athletes &#8211; training goals per athlete<\/li>\n<li>SEASON PLANNING &#8211; How to build a season &#8211; Basic principles for season planning<\/li>\n<li>HOW TO BUILD UP A TRAINING SESSION &#8211; Principles for planning a training session &#8211; Training samples per season &#8211; Feedback to athletes<\/li>\n<li>ANALYZING &#8211; Training diary \u2013 Video analysis &#8211; Lifelong learning<\/li>\n<li>ORGANIZING &#8211; Organizing work for team &#8211; Organizing training and race actions for team building<\/li>\n<\/ul>\n<p><strong>15:30 \u2013 17:00<\/strong> \u201eM\u00e4ealade arendamine ja FIS punktide arvestamine\u201c.<br \/>\n<strong>Kaarel Gr\u00fcnberg<\/strong>, Audentese Spordig\u00fcmnaasiumi m\u00e4ealade treener<\/p>\n<p><strong>17:00 \u2013 18:30<\/strong> \u201eMida peab treener ja sportlane teadma antidopingust ja teiste spordipahede ennetamisest hooajal 2020\/2021.\u201c<br \/>\n<strong>Henn Vallim\u00e4e<\/strong>, juhatuse liige, Eesti Antidopingu ja Spordieetika SA<\/p>\n<h3><span style=\"color: #0000ff;\"><strong><u>Reede, 2. oktoober 2020 \u2013 ainult veebis<\/u><\/strong><\/span><\/h3>\n<p><strong>10:30 &#8211; 11:45 \u201e<\/strong>Doktorit\u00f6\u00f6 uuringu tulemused ja laiemalt suusataja j\u00f5utreeningutest.\u201c \u201eSuusataja j\u00f5u- ja vastupidavustreeningute seostatud arendamine ettevalmistus perioodil.\u201c<br \/>\n<strong>Eno Vahtra,<\/strong> (T\u00dc doktorant EKR 6.taseme suusatreener)<\/p>\n<p><strong>11:45 &#8211; 13:00<\/strong> \u201eFIS reeglid, sanktsioonid, formularid, uue hooaja eelsed muutused murdmaasuusatamises.\u201c<br \/>\n<strong>Robert Peets, <\/strong>FIS tehniline delegaat, Eesti esindaja FIS CC World and Continental Cup Sub-commitee liige<\/p>\n<p><strong>13:00 \u2013 13:45<\/strong> l\u00f5unapaus<\/p>\n<p><strong>13:45 \u2013 15:15<\/strong> \u201eSuhtlemine meediaga, oma lugu\u201c<br \/>\n<strong>Tauri Tallermaa<\/strong>, koolitaja ja m\u00e4lutreener<\/p>\n<p><strong>15:30 \u2013 17:00<\/strong> \u201cP\u00f5hij\u00f5u arendamine, mis vanusest peaks alustama, kui palju peaks tegema?<br \/>\n<strong>Ott Kiivikas, <\/strong>&#8220;Targalt toitumise ja treenimise k\u00e4siraamat&#8221; autor, kulturismi EKR 7. taseme treener<strong><br \/>\n<\/strong><\/p>\n<p><strong>17:00 \u2013 18:15<\/strong> \u201eSportlase toitumine\u201c<br \/>\n<strong>Ott Kiivikas <\/strong>,&#8221;Targalt toitumise ja treenimise k\u00e4siraamat&#8221; autor, kulturismi EKR 7. taseme treener<strong><br \/>\n<\/strong><\/p>\n<p>Loengud turundusest, sportlase tervise probleemidest ja spordi ps\u00fchholoogiast laetakse videoloengutena <a href=\"https:\/\/suusaliit.ee\/seminar\/uncategorized\/materjalid-2\/\">&#8220;Materjalide&#8221;<\/a> lehele koos \u00fclej\u00e4\u00e4nud videoettekannetega.<\/p>\n<p>K\u00f5ik videoettekanded on j\u00e4relvaadatavad.<\/p>\n<p><a href=\"https:\/\/suusaliit.ee\/seminar\/register\/\"><span style=\"color: #ff0000;\"><strong>REGISTREERI SEMINARILE SIIN<\/strong><\/span><\/a><\/p>\n<p>&nbsp;<\/p>\n","protected":false},"excerpt":{"rendered":"<p>Neljap\u00e4ev, 1. oktoober 2020 \u2013 ainult veebis 9:30 \u2013 12:30 \u201eMotiveeriv treener\u201c (EOK koolituse baasil) Ott Kiivikas, Jaanus Teppan Osaleda saab maksimaalselt 18 inimest, Registreerimine toimub siin 9:30 \u2013 10:00 \u201eCOVID-19 viiruse aegsed sportlaste v\u00e4lislaagrid, testid ja isolatsioonin\u00f5uded\u201c. Spordikoolituse ja- Teabe SA informatsioon. Eesti Suusaliit 10:00 \u2013 15:00 \u201eCoach Development lectures\u201c \u2013 inglise keeles Mikael&hellip;&nbsp;<a href=\"https:\/\/suusaliit.ee\/seminar\/programm\/\" class=\"\" rel=\"bookmark\">Read More &raquo;<span class=\"screen-reader-text\">Programm<\/span><\/a><\/p>\n","protected":false},"author":2,"featured_media":0,"parent":0,"menu_order":0,"comment_status":"closed","ping_status":"closed","template":"","meta":{"neve_meta_sidebar":"","neve_meta_container":"","neve_meta_enable_content_width":"off","neve_meta_content_width":0,"neve_meta_title_alignment":"","neve_meta_author_avatar":"","neve_post_elements_order":"","neve_meta_disable_header":"","neve_meta_disable_footer":"","neve_meta_disable_title":"","spay_email":"","footnotes":""},"class_list":["post-7","page","type-page","status-publish","hentry"],"_links":{"self":[{"href":"https:\/\/suusaliit.ee\/seminar\/wp-json\/wp\/v2\/pages\/7","targetHints":{"allow":["GET"]}}],"collection":[{"href":"https:\/\/suusaliit.ee\/seminar\/wp-json\/wp\/v2\/pages"}],"about":[{"href":"https:\/\/suusaliit.ee\/seminar\/wp-json\/wp\/v2\/types\/page"}],"author":[{"embeddable":true,"href":"https:\/\/suusaliit.ee\/seminar\/wp-json\/wp\/v2\/users\/2"}],"replies":[{"embeddable":true,"href":"https:\/\/suusaliit.ee\/seminar\/wp-json\/wp\/v2\/comments?post=7"}],"version-history":[{"count":10,"href":"https:\/\/suusaliit.ee\/seminar\/wp-json\/wp\/v2\/pages\/7\/revisions"}],"predecessor-version":[{"id":120,"href":"https:\/\/suusaliit.ee\/seminar\/wp-json\/wp\/v2\/pages\/7\/revisions\/120"}],"wp:attachment":[{"href":"https:\/\/suusaliit.ee\/seminar\/wp-json\/wp\/v2\/media?parent=7"}],"curies":[{"name":"wp","href":"https:\/\/api.w.org\/{rel}","templated":true}]}}